{"id":1093,"date":"2015-11-18T15:12:49","date_gmt":"2015-11-18T15:12:49","guid":{"rendered":"http:\/\/www.rocfor.es\/?page_id=1093&#038;lang=de"},"modified":"2019-04-10T06:39:37","modified_gmt":"2019-04-10T06:39:37","slug":"deutsch-mieten-wohnmobile-in-barcelona","status":"publish","type":"page","link":"https:\/\/www.rocfor.es\/de\/","title":{"rendered":"Parkplatz, Einrichtungen und Werkstatt. Alles f\u00fcr Wohnmobile, Wohnwagen und Camper"},"content":{"rendered":"<div>\n<p style=\"text-align: center;\"><strong>ROCFOR ist ein Unternehmen, das sich auf die Installation und Wartung von Zubeh\u00f6r f\u00fcr Wohnmobile, Wohnwagen und Wohnmobile spezialisiert hat. Wir haben 24 Stunden am Tag und 365 Tage im Jahr einen Parkplatz mit allen Serviceleistungen, damit Ihr Fahrzeug gut gepflegt ist.<\/strong><\/p>\n<\/div>\n<p><iframe src=\"https:\/\/player.vimeo.com\/video\/123188648\" width=\"500\" height=\"281\" frameborder=\"0\" allowfullscreen=\"allowfullscreen\"><\/iframe><\/p>\n<p><strong>Bei ROCFOR AUTOCARAVANES FINDEN Sie: <\/strong><\/p>\n<ul>\n<li><strong>Parkpl\u00e4tze f\u00fcr Wohnwagen, Wohnmobile und Wohnmobile.<\/strong><\/li>\n<li><strong>Nachverkaufsservice f\u00fcr Zubeh\u00f6r.<\/strong><\/li>\n<li><strong>Verkauf von Comanche-Anh\u00e4ngern.<\/strong><\/li>\n<li><strong>Parken.<\/strong><\/li>\n<\/ul>\n","protected":false},"excerpt":{"rendered":"<p>ROCFOR ist ein Unternehmen, das sich auf die Installation und Wartung von Zubeh\u00f6r f\u00fcr Wohnmobile, Wohnwagen und Wohnmobile spezialisiert hat. Wir haben 24 Stunden am Tag und 365 Tage im Jahr einen Parkplatz mit allen Serviceleistungen, damit Ihr Fahrzeug gut gepflegt ist. Bei ROCFOR AUTOCARAVANES FINDEN Sie: Parkpl\u00e4tze f\u00fcr Wohnwagen, Wohnmobile und Wohnmobile. Nachverkaufsservice f\u00fcr [&hellip;]<\/p>\n","protected":false},"author":5,"featured_media":0,"parent":0,"menu_order":1,"comment_status":"closed","ping_status":"closed","template":"","meta":{"footnotes":""},"class_list":["post-1093","page","type-page","status-publish","hentry"],"yoast_head":"<!-- This site is optimized with the Yoast SEO plugin v27.3 - https:\/\/yoast.com\/product\/yoast-seo-wordpress\/ -->\n<title>Vermietung Wohnmobile Barcelona<\/title>\n<meta name=\"description\" content=\"Motorhome car park 24HROCFOR Wohnmobile finden Sie immer genau das, was Sie suchen. ROCFOR ist auf die Vermietung und den Verkauf neuer und gebrauchter Wohnmobile spezialisiertCaravanes et camping-cars de location Garage, parking et camping-cars 24H McLouis vente.\" \/>\n<meta name=\"robots\" content=\"index, follow, max-snippet:-1, max-image-preview:large, max-video-preview:-1\" \/>\n<link rel=\"canonical\" href=\"https:\/\/www.rocfor.es\/de\/\" \/>\n<meta property=\"og:locale\" content=\"de_DE\" \/>\n<meta property=\"og:type\" content=\"article\" \/>\n<meta property=\"og:title\" content=\"Vermietung Wohnmobile Barcelona\" \/>\n<meta property=\"og:description\" content=\"Motorhome car park 24HROCFOR Wohnmobile finden Sie immer genau das, was Sie suchen. ROCFOR ist auf die Vermietung und den Verkauf neuer und gebrauchter Wohnmobile spezialisiertCaravanes et camping-cars de location Garage, parking et camping-cars 24H McLouis vente.\" \/>\n<meta property=\"og:url\" content=\"https:\/\/www.rocfor.es\/de\/\" \/>\n<meta property=\"og:site_name\" content=\"Rocfor | LLoguer d &#039;autocaravanes\" \/>\n<meta property=\"article:publisher\" content=\"https:\/\/www.facebook.com\/pages\/Rocfor\/790292114394574\" \/>\n<meta property=\"article:modified_time\" content=\"2019-04-10T06:39:37+00:00\" \/>\n<script type=\"application\/ld+json\" class=\"yoast-schema-graph\">{\"@context\":\"https:\\\/\\\/schema.org\",\"@graph\":[{\"@type\":\"WebPage\",\"@id\":\"https:\\\/\\\/www.rocfor.es\\\/de\\\/\",\"url\":\"https:\\\/\\\/www.rocfor.es\\\/de\\\/\",\"name\":\"Vermietung Wohnmobile Barcelona\",\"isPartOf\":{\"@id\":\"https:\\\/\\\/www.rocfor.es\\\/#website\"},\"datePublished\":\"2015-11-18T15:12:49+00:00\",\"dateModified\":\"2019-04-10T06:39:37+00:00\",\"description\":\"Motorhome car park 24HROCFOR Wohnmobile finden Sie immer genau das, was Sie suchen. ROCFOR ist auf die Vermietung und den Verkauf neuer und gebrauchter Wohnmobile spezialisiertCaravanes et camping-cars de location Garage, parking et camping-cars 24H McLouis vente.\",\"breadcrumb\":{\"@id\":\"https:\\\/\\\/www.rocfor.es\\\/de\\\/#breadcrumb\"},\"inLanguage\":\"de\",\"potentialAction\":[{\"@type\":\"ReadAction\",\"target\":[\"https:\\\/\\\/www.rocfor.es\\\/de\\\/\"]}]},{\"@type\":\"BreadcrumbList\",\"@id\":\"https:\\\/\\\/www.rocfor.es\\\/de\\\/#breadcrumb\",\"itemListElement\":[{\"@type\":\"ListItem\",\"position\":1,\"name\":\"Home\",\"item\":\"https:\\\/\\\/www.rocfor.es\\\/de\\\/\"},{\"@type\":\"ListItem\",\"position\":2,\"name\":\"Parkplatz, Einrichtungen und Werkstatt. Alles f\u00fcr Wohnmobile, Wohnwagen und Camper\"}]},{\"@type\":\"WebSite\",\"@id\":\"https:\\\/\\\/www.rocfor.es\\\/#website\",\"url\":\"https:\\\/\\\/www.rocfor.es\\\/\",\"name\":\"Rocfor | LLoguer d &#039;autocaravanes\",\"description\":\"LLoguer d&#039;autocaravanaes\",\"potentialAction\":[{\"@type\":\"SearchAction\",\"target\":{\"@type\":\"EntryPoint\",\"urlTemplate\":\"https:\\\/\\\/www.rocfor.es\\\/?s={search_term_string}\"},\"query-input\":{\"@type\":\"PropertyValueSpecification\",\"valueRequired\":true,\"valueName\":\"search_term_string\"}}],\"inLanguage\":\"de\"}]}<\/script>\n<!-- \/ Yoast SEO plugin. -->","yoast_head_json":{"title":"Vermietung Wohnmobile Barcelona","description":"Motorhome car park 24HROCFOR Wohnmobile finden Sie immer genau das, was Sie suchen. ROCFOR ist auf die Vermietung und den Verkauf neuer und gebrauchter Wohnmobile spezialisiertCaravanes et camping-cars de location Garage, parking et camping-cars 24H McLouis vente.","robots":{"index":"index","follow":"follow","max-snippet":"max-snippet:-1","max-image-preview":"max-image-preview:large","max-video-preview":"max-video-preview:-1"},"canonical":"https:\/\/www.rocfor.es\/de\/","og_locale":"de_DE","og_type":"article","og_title":"Vermietung Wohnmobile Barcelona","og_description":"Motorhome car park 24HROCFOR Wohnmobile finden Sie immer genau das, was Sie suchen. ROCFOR ist auf die Vermietung und den Verkauf neuer und gebrauchter Wohnmobile spezialisiertCaravanes et camping-cars de location Garage, parking et camping-cars 24H McLouis vente.","og_url":"https:\/\/www.rocfor.es\/de\/","og_site_name":"Rocfor | LLoguer d &#039;autocaravanes","article_publisher":"https:\/\/www.facebook.com\/pages\/Rocfor\/790292114394574","article_modified_time":"2019-04-10T06:39:37+00:00","schema":{"@context":"https:\/\/schema.org","@graph":[{"@type":"WebPage","@id":"https:\/\/www.rocfor.es\/de\/","url":"https:\/\/www.rocfor.es\/de\/","name":"Vermietung Wohnmobile Barcelona","isPartOf":{"@id":"https:\/\/www.rocfor.es\/#website"},"datePublished":"2015-11-18T15:12:49+00:00","dateModified":"2019-04-10T06:39:37+00:00","description":"Motorhome car park 24HROCFOR Wohnmobile finden Sie immer genau das, was Sie suchen. ROCFOR ist auf die Vermietung und den Verkauf neuer und gebrauchter Wohnmobile spezialisiertCaravanes et camping-cars de location Garage, parking et camping-cars 24H McLouis vente.","breadcrumb":{"@id":"https:\/\/www.rocfor.es\/de\/#breadcrumb"},"inLanguage":"de","potentialAction":[{"@type":"ReadAction","target":["https:\/\/www.rocfor.es\/de\/"]}]},{"@type":"BreadcrumbList","@id":"https:\/\/www.rocfor.es\/de\/#breadcrumb","itemListElement":[{"@type":"ListItem","position":1,"name":"Home","item":"https:\/\/www.rocfor.es\/de\/"},{"@type":"ListItem","position":2,"name":"Parkplatz, Einrichtungen und Werkstatt. Alles f\u00fcr Wohnmobile, Wohnwagen und Camper"}]},{"@type":"WebSite","@id":"https:\/\/www.rocfor.es\/#website","url":"https:\/\/www.rocfor.es\/","name":"Rocfor | LLoguer d &#039;autocaravanes","description":"LLoguer d&#039;autocaravanaes","potentialAction":[{"@type":"SearchAction","target":{"@type":"EntryPoint","urlTemplate":"https:\/\/www.rocfor.es\/?s={search_term_string}"},"query-input":{"@type":"PropertyValueSpecification","valueRequired":true,"valueName":"search_term_string"}}],"inLanguage":"de"}]}},"_links":{"self":[{"href":"https:\/\/www.rocfor.es\/de\/wp-json\/wp\/v2\/pages\/1093","targetHints":{"allow":["GET"]}}],"collection":[{"href":"https:\/\/www.rocfor.es\/de\/wp-json\/wp\/v2\/pages"}],"about":[{"href":"https:\/\/www.rocfor.es\/de\/wp-json\/wp\/v2\/types\/page"}],"author":[{"embeddable":true,"href":"https:\/\/www.rocfor.es\/de\/wp-json\/wp\/v2\/users\/5"}],"replies":[{"embeddable":true,"href":"https:\/\/www.rocfor.es\/de\/wp-json\/wp\/v2\/comments?post=1093"}],"version-history":[{"count":0,"href":"https:\/\/www.rocfor.es\/de\/wp-json\/wp\/v2\/pages\/1093\/revisions"}],"wp:attachment":[{"href":"https:\/\/www.rocfor.es\/de\/wp-json\/wp\/v2\/media?parent=1093"}],"curies":[{"name":"wp","href":"https:\/\/api.w.org\/{rel}","templated":true}]}}