{"id":1072,"date":"2015-11-18T15:03:36","date_gmt":"2015-11-18T15:03:36","guid":{"rendered":"http:\/\/www.rocfor.es\/?page_id=1072&#038;lang=de"},"modified":"2016-02-26T11:58:12","modified_gmt":"2016-02-26T11:58:12","slug":"deutsch-impressum","status":"publish","type":"page","link":"https:\/\/www.rocfor.es\/de\/deutsch-impressum\/","title":{"rendered":"Impressum"},"content":{"rendered":"<p class=\"verde\"><strong>ROCFOR SL<\/strong><\/p>\n<p><span class=\"negra9\"><strong>Ctra. C-31 km 148<br \/>\n08880 Cubelles (Barcelona)<br \/>\nTel. +34 93 895 77 17<br \/>\nFax. +34 93 895 77 16<\/strong><\/span><br \/>\n<span lang=\"de\">Diese Website und ihre Inhalte einschlie\u00dflich Texten, Bilder, Grafiken und Ton, sind Eigentum von <strong>ROCFOR SL<\/strong> oder Dritten, die <strong>ROCFOR SL<\/strong> die entsprechende Benutzung erlauben. Alle Rechte vorbehalten. Der Zugang zu dieser Webseite ist folgenden Bedingungen unterstellt<\/span>:<br \/>\n<span lang=\"de\">Die Benutzung dieser Seite ist nur f\u00fcr private und nicht f\u00fcr gesch\u00e4ftliche Zwecke erlaubt. Weder diese Webseite noch ihre Inhalte d\u00fcrfen kopiert, reproduziert, ver\u00f6ffentlicht oder ver\u00e4ndert werden.<\/span><br \/>\n<strong>ROCFOR SL<\/strong><span lang=\"de\">gibt keine Garantie auf die absolute Genauigkeit, Richtigkeit oder Umfang der Inhalte dieser Webseite.<\/span><br \/>\n<strong>ROCFOR SL<\/strong><span lang=\"de\">\u00fcbernimmt keine Garantie, dass die Webseite oder der Server keinen Virus enthalten, und haftet nicht f\u00fcr Sch\u00e4den durch die Nutzung der Webseite oder daf\u00fcr, dass nicht auf sie zugegriffen werden kann.<\/span><br \/>\n<span lang=\"de\">Wenn Sie auf diese Webseite zugreifen, werden folgende Informationen auf Ihrem Computer gespeichert: Cookies beinhalten keinerlei pers\u00f6nliche Information oder von Ihrem Computer, es wird dadurch lediglich Zeit gespart, wenn wieder auf diese Webseite zugegriffen wird, und Sie helfen uns, unseren Service zu verbessern.<\/span><br \/>\n<span lang=\"de\">Alle Daten, die Besucher der Webseite an <strong>ROCFOR SL<\/strong> schicken, werden in deren Datenbank in \u00dcbereinstimmung mit dem spansichen Gesetz 15\/1999 vom 13. Dezember. Diese Daten werden von <strong>ROCFOR SL<\/strong> genutzt, um auf die gesendeten Anfragen zu antworten. Die Besucher k\u00f6nnen zu jeder Zeit auf ihre Daten zugreifen, diese \u00e4ndern oder l\u00f6schen, in dem sie eine E-mail schicken an<\/span>:<br \/>\n<a class=\"Estilo2\" href=\"mailto:rocfor@rocfor.es\"><strong>rocfor@rocfor.es<\/strong><\/a><br \/>\n<strong>ROCFOR SL<\/strong><br \/>\n<span lang=\"de\">Katalonien &#8211; Spanien<\/span><\/p>\n","protected":false},"excerpt":{"rendered":"<p>ROCFOR SL Ctra. C-31 km 148 08880 Cubelles (Barcelona) Tel. +34 93 895 77 17 Fax. +34 93 895 77 16 Diese Website und ihre Inhalte einschlie\u00dflich Texten, Bilder, Grafiken und Ton, sind Eigentum von ROCFOR SL oder Dritten, die ROCFOR SL die entsprechende Benutzung erlauben. Alle Rechte vorbehalten. Der Zugang zu dieser Webseite ist [&hellip;]<\/p>\n","protected":false},"author":5,"featured_media":0,"parent":0,"menu_order":13,"comment_status":"open","ping_status":"closed","template":"","meta":{"footnotes":""},"class_list":["post-1072","page","type-page","status-publish","hentry"],"yoast_head":"<!-- This site is optimized with the Yoast SEO plugin v27.4 - https:\/\/yoast.com\/product\/yoast-seo-wordpress\/ -->\n<title>Impressum, Haftungsausschluss | Rocfor Wohnmobile<\/title>\n<meta name=\"robots\" content=\"index, follow, max-snippet:-1, max-image-preview:large, max-video-preview:-1\" \/>\n<link rel=\"canonical\" href=\"https:\/\/www.rocfor.es\/de\/deutsch-impressum\/\" \/>\n<meta property=\"og:locale\" content=\"de_DE\" \/>\n<meta property=\"og:type\" content=\"article\" \/>\n<meta property=\"og:title\" content=\"Impressum, Haftungsausschluss | Rocfor Wohnmobile\" \/>\n<meta property=\"og:description\" content=\"ROCFOR SL Ctra. C-31 km 148 08880 Cubelles (Barcelona) Tel. +34 93 895 77 17 Fax. +34 93 895 77 16 Diese Website und ihre Inhalte einschlie\u00dflich Texten, Bilder, Grafiken und Ton, sind Eigentum von ROCFOR SL oder Dritten, die ROCFOR SL die entsprechende Benutzung erlauben. Alle Rechte vorbehalten. Der Zugang zu dieser Webseite ist [&hellip;]\" \/>\n<meta property=\"og:url\" content=\"https:\/\/www.rocfor.es\/de\/deutsch-impressum\/\" \/>\n<meta property=\"og:site_name\" content=\"Rocfor | LLoguer d &#039;autocaravanes\" \/>\n<meta property=\"article:publisher\" content=\"https:\/\/www.facebook.com\/pages\/Rocfor\/790292114394574\" \/>\n<meta property=\"article:modified_time\" content=\"2016-02-26T11:58:12+00:00\" \/>\n<meta name=\"twitter:label1\" content=\"Gesch\u00e4tzte Lesezeit\" \/>\n\t<meta name=\"twitter:data1\" content=\"1\u00a0Minute\" \/>\n<script type=\"application\/ld+json\" class=\"yoast-schema-graph\">{\"@context\":\"https:\\\/\\\/schema.org\",\"@graph\":[{\"@type\":\"WebPage\",\"@id\":\"https:\\\/\\\/www.rocfor.es\\\/de\\\/deutsch-impressum\\\/\",\"url\":\"https:\\\/\\\/www.rocfor.es\\\/de\\\/deutsch-impressum\\\/\",\"name\":\"Impressum, Haftungsausschluss | Rocfor Wohnmobile\",\"isPartOf\":{\"@id\":\"https:\\\/\\\/www.rocfor.es\\\/#website\"},\"datePublished\":\"2015-11-18T15:03:36+00:00\",\"dateModified\":\"2016-02-26T11:58:12+00:00\",\"breadcrumb\":{\"@id\":\"https:\\\/\\\/www.rocfor.es\\\/de\\\/deutsch-impressum\\\/#breadcrumb\"},\"inLanguage\":\"de\",\"potentialAction\":[{\"@type\":\"ReadAction\",\"target\":[\"https:\\\/\\\/www.rocfor.es\\\/de\\\/deutsch-impressum\\\/\"]}]},{\"@type\":\"BreadcrumbList\",\"@id\":\"https:\\\/\\\/www.rocfor.es\\\/de\\\/deutsch-impressum\\\/#breadcrumb\",\"itemListElement\":[{\"@type\":\"ListItem\",\"position\":1,\"name\":\"Home\",\"item\":\"https:\\\/\\\/www.rocfor.es\\\/de\\\/\"},{\"@type\":\"ListItem\",\"position\":2,\"name\":\"Impressum\"}]},{\"@type\":\"WebSite\",\"@id\":\"https:\\\/\\\/www.rocfor.es\\\/#website\",\"url\":\"https:\\\/\\\/www.rocfor.es\\\/\",\"name\":\"Rocfor | LLoguer d &#039;autocaravanes\",\"description\":\"LLoguer d&#039;autocaravanaes\",\"potentialAction\":[{\"@type\":\"SearchAction\",\"target\":{\"@type\":\"EntryPoint\",\"urlTemplate\":\"https:\\\/\\\/www.rocfor.es\\\/?s={search_term_string}\"},\"query-input\":{\"@type\":\"PropertyValueSpecification\",\"valueRequired\":true,\"valueName\":\"search_term_string\"}}],\"inLanguage\":\"de\"}]}<\/script>\n<!-- \/ Yoast SEO plugin. -->","yoast_head_json":{"title":"Impressum, Haftungsausschluss | Rocfor Wohnmobile","robots":{"index":"index","follow":"follow","max-snippet":"max-snippet:-1","max-image-preview":"max-image-preview:large","max-video-preview":"max-video-preview:-1"},"canonical":"https:\/\/www.rocfor.es\/de\/deutsch-impressum\/","og_locale":"de_DE","og_type":"article","og_title":"Impressum, Haftungsausschluss | Rocfor Wohnmobile","og_description":"ROCFOR SL Ctra. C-31 km 148 08880 Cubelles (Barcelona) Tel. +34 93 895 77 17 Fax. +34 93 895 77 16 Diese Website und ihre Inhalte einschlie\u00dflich Texten, Bilder, Grafiken und Ton, sind Eigentum von ROCFOR SL oder Dritten, die ROCFOR SL die entsprechende Benutzung erlauben. Alle Rechte vorbehalten. Der Zugang zu dieser Webseite ist [&hellip;]","og_url":"https:\/\/www.rocfor.es\/de\/deutsch-impressum\/","og_site_name":"Rocfor | LLoguer d &#039;autocaravanes","article_publisher":"https:\/\/www.facebook.com\/pages\/Rocfor\/790292114394574","article_modified_time":"2016-02-26T11:58:12+00:00","twitter_misc":{"Gesch\u00e4tzte Lesezeit":"1\u00a0Minute"},"schema":{"@context":"https:\/\/schema.org","@graph":[{"@type":"WebPage","@id":"https:\/\/www.rocfor.es\/de\/deutsch-impressum\/","url":"https:\/\/www.rocfor.es\/de\/deutsch-impressum\/","name":"Impressum, Haftungsausschluss | Rocfor Wohnmobile","isPartOf":{"@id":"https:\/\/www.rocfor.es\/#website"},"datePublished":"2015-11-18T15:03:36+00:00","dateModified":"2016-02-26T11:58:12+00:00","breadcrumb":{"@id":"https:\/\/www.rocfor.es\/de\/deutsch-impressum\/#breadcrumb"},"inLanguage":"de","potentialAction":[{"@type":"ReadAction","target":["https:\/\/www.rocfor.es\/de\/deutsch-impressum\/"]}]},{"@type":"BreadcrumbList","@id":"https:\/\/www.rocfor.es\/de\/deutsch-impressum\/#breadcrumb","itemListElement":[{"@type":"ListItem","position":1,"name":"Home","item":"https:\/\/www.rocfor.es\/de\/"},{"@type":"ListItem","position":2,"name":"Impressum"}]},{"@type":"WebSite","@id":"https:\/\/www.rocfor.es\/#website","url":"https:\/\/www.rocfor.es\/","name":"Rocfor | LLoguer d &#039;autocaravanes","description":"LLoguer d&#039;autocaravanaes","potentialAction":[{"@type":"SearchAction","target":{"@type":"EntryPoint","urlTemplate":"https:\/\/www.rocfor.es\/?s={search_term_string}"},"query-input":{"@type":"PropertyValueSpecification","valueRequired":true,"valueName":"search_term_string"}}],"inLanguage":"de"}]}},"_links":{"self":[{"href":"https:\/\/www.rocfor.es\/de\/wp-json\/wp\/v2\/pages\/1072","targetHints":{"allow":["GET"]}}],"collection":[{"href":"https:\/\/www.rocfor.es\/de\/wp-json\/wp\/v2\/pages"}],"about":[{"href":"https:\/\/www.rocfor.es\/de\/wp-json\/wp\/v2\/types\/page"}],"author":[{"embeddable":true,"href":"https:\/\/www.rocfor.es\/de\/wp-json\/wp\/v2\/users\/5"}],"replies":[{"embeddable":true,"href":"https:\/\/www.rocfor.es\/de\/wp-json\/wp\/v2\/comments?post=1072"}],"version-history":[{"count":0,"href":"https:\/\/www.rocfor.es\/de\/wp-json\/wp\/v2\/pages\/1072\/revisions"}],"wp:attachment":[{"href":"https:\/\/www.rocfor.es\/de\/wp-json\/wp\/v2\/media?parent=1072"}],"curies":[{"name":"wp","href":"https:\/\/api.w.org\/{rel}","templated":true}]}}