{"id":1003,"date":"2015-11-18T14:17:56","date_gmt":"2015-11-18T14:17:56","guid":{"rendered":"http:\/\/www.rocfor.es\/?page_id=1003&#038;lang=de"},"modified":"2016-11-21T16:02:39","modified_gmt":"2016-11-21T16:02:39","slug":"deutsch-accessoris-wohnmobile","status":"publish","type":"page","link":"https:\/\/www.rocfor.es\/de\/deutsch-accessoris-wohnmobile\/","title":{"rendered":"Accessoris Wohnmobile"},"content":{"rendered":"<p><span lang=\"de\">In unserem Verkaufsladen an der Landstra\u00dfe<strong>C-31 bei Km 148 in der N\u00e4he von Cubelles (Barcelona)<\/strong> finden Sie eine gro\u00dfe Auswahl von Produkten rund um das Wohnmobil.<\/span><\/p>\n<table border=\"0\" cellspacing=\"6\" cellpadding=\"0\" align=\"center\">\n<tbody>\n<tr>\n<td><img decoding=\"async\" class=\"image\" src=\"http:\/\/www.rocfor.es\/wp-content\/uploads\/Venta_accesorios03.jpg\" alt=\"Maquetismo \/ Modelismo\" width=\"322\" height=\"138\" \/><\/td>\n<td><img decoding=\"async\" class=\"image\" src=\"http:\/\/www.rocfor.es\/wp-content\/uploads\/Venta_accesorios01.jpg\" alt=\"Maquetismo \/ Modelismo\" width=\"322\" height=\"138\" \/><\/td>\n<\/tr>\n<tr>\n<td><img decoding=\"async\" class=\"image\" src=\"http:\/\/www.rocfor.es\/wp-content\/uploads\/Venta_accesorios04.jpg\" alt=\"Maquetismo \/ Modelismo\" width=\"322\" height=\"138\" \/><\/td>\n<td><img decoding=\"async\" class=\"image\" src=\"http:\/\/www.rocfor.es\/wp-content\/uploads\/Venta_accesorios02.jpg\" alt=\"Maquetismo \/ Modelismo\" width=\"322\" height=\"138\" \/><\/td>\n<\/tr>\n<\/tbody>\n<\/table>\n","protected":false},"excerpt":{"rendered":"<p>In unserem Verkaufsladen an der Landstra\u00dfeC-31 bei Km 148 in der N\u00e4he von Cubelles (Barcelona) finden Sie eine gro\u00dfe Auswahl von Produkten rund um das Wohnmobil.<\/p>\n","protected":false},"author":5,"featured_media":0,"parent":0,"menu_order":3,"comment_status":"open","ping_status":"closed","template":"","meta":{"footnotes":""},"class_list":["post-1003","page","type-page","status-publish","hentry"],"yoast_head":"<!-- This site is optimized with the Yoast SEO plugin v27.3 - https:\/\/yoast.com\/product\/yoast-seo-wordpress\/ -->\n<title>Zubeh\u00f6r f\u00fcr Reisemobile und Caravans<\/title>\n<meta name=\"robots\" content=\"index, follow, max-snippet:-1, max-image-preview:large, max-video-preview:-1\" \/>\n<link rel=\"canonical\" href=\"https:\/\/www.rocfor.es\/de\/deutsch-accessoris-wohnmobile\/\" \/>\n<meta property=\"og:locale\" content=\"de_DE\" \/>\n<meta property=\"og:type\" content=\"article\" \/>\n<meta property=\"og:title\" content=\"Zubeh\u00f6r f\u00fcr Reisemobile und Caravans\" \/>\n<meta property=\"og:description\" content=\"In unserem Verkaufsladen an der Landstra\u00dfeC-31 bei Km 148 in der N\u00e4he von Cubelles (Barcelona) finden Sie eine gro\u00dfe Auswahl von Produkten rund um das Wohnmobil.\" \/>\n<meta property=\"og:url\" content=\"https:\/\/www.rocfor.es\/de\/deutsch-accessoris-wohnmobile\/\" \/>\n<meta property=\"og:site_name\" content=\"Rocfor | LLoguer d &#039;autocaravanes\" \/>\n<meta property=\"article:publisher\" content=\"https:\/\/www.facebook.com\/pages\/Rocfor\/790292114394574\" \/>\n<meta property=\"article:modified_time\" content=\"2016-11-21T16:02:39+00:00\" \/>\n<meta property=\"og:image\" content=\"http:\/\/www.rocfor.es\/wp-content\/uploads\/Venta_accesorios03.jpg\" \/>\n<script type=\"application\/ld+json\" class=\"yoast-schema-graph\">{\"@context\":\"https:\\\/\\\/schema.org\",\"@graph\":[{\"@type\":\"WebPage\",\"@id\":\"https:\\\/\\\/www.rocfor.es\\\/de\\\/deutsch-accessoris-wohnmobile\\\/\",\"url\":\"https:\\\/\\\/www.rocfor.es\\\/de\\\/deutsch-accessoris-wohnmobile\\\/\",\"name\":\"Zubeh\u00f6r f\u00fcr Reisemobile und Caravans\",\"isPartOf\":{\"@id\":\"https:\\\/\\\/www.rocfor.es\\\/#website\"},\"primaryImageOfPage\":{\"@id\":\"https:\\\/\\\/www.rocfor.es\\\/de\\\/deutsch-accessoris-wohnmobile\\\/#primaryimage\"},\"image\":{\"@id\":\"https:\\\/\\\/www.rocfor.es\\\/de\\\/deutsch-accessoris-wohnmobile\\\/#primaryimage\"},\"thumbnailUrl\":\"http:\\\/\\\/www.rocfor.es\\\/wp-content\\\/uploads\\\/Venta_accesorios03.jpg\",\"datePublished\":\"2015-11-18T14:17:56+00:00\",\"dateModified\":\"2016-11-21T16:02:39+00:00\",\"breadcrumb\":{\"@id\":\"https:\\\/\\\/www.rocfor.es\\\/de\\\/deutsch-accessoris-wohnmobile\\\/#breadcrumb\"},\"inLanguage\":\"de\",\"potentialAction\":[{\"@type\":\"ReadAction\",\"target\":[\"https:\\\/\\\/www.rocfor.es\\\/de\\\/deutsch-accessoris-wohnmobile\\\/\"]}]},{\"@type\":\"ImageObject\",\"inLanguage\":\"de\",\"@id\":\"https:\\\/\\\/www.rocfor.es\\\/de\\\/deutsch-accessoris-wohnmobile\\\/#primaryimage\",\"url\":\"http:\\\/\\\/www.rocfor.es\\\/wp-content\\\/uploads\\\/Venta_accesorios03.jpg\",\"contentUrl\":\"http:\\\/\\\/www.rocfor.es\\\/wp-content\\\/uploads\\\/Venta_accesorios03.jpg\"},{\"@type\":\"BreadcrumbList\",\"@id\":\"https:\\\/\\\/www.rocfor.es\\\/de\\\/deutsch-accessoris-wohnmobile\\\/#breadcrumb\",\"itemListElement\":[{\"@type\":\"ListItem\",\"position\":1,\"name\":\"Home\",\"item\":\"https:\\\/\\\/www.rocfor.es\\\/de\\\/\"},{\"@type\":\"ListItem\",\"position\":2,\"name\":\"Accessoris Wohnmobile\"}]},{\"@type\":\"WebSite\",\"@id\":\"https:\\\/\\\/www.rocfor.es\\\/#website\",\"url\":\"https:\\\/\\\/www.rocfor.es\\\/\",\"name\":\"Rocfor | LLoguer d &#039;autocaravanes\",\"description\":\"LLoguer d&#039;autocaravanaes\",\"potentialAction\":[{\"@type\":\"SearchAction\",\"target\":{\"@type\":\"EntryPoint\",\"urlTemplate\":\"https:\\\/\\\/www.rocfor.es\\\/?s={search_term_string}\"},\"query-input\":{\"@type\":\"PropertyValueSpecification\",\"valueRequired\":true,\"valueName\":\"search_term_string\"}}],\"inLanguage\":\"de\"}]}<\/script>\n<!-- \/ Yoast SEO plugin. -->","yoast_head_json":{"title":"Zubeh\u00f6r f\u00fcr Reisemobile und Caravans","robots":{"index":"index","follow":"follow","max-snippet":"max-snippet:-1","max-image-preview":"max-image-preview:large","max-video-preview":"max-video-preview:-1"},"canonical":"https:\/\/www.rocfor.es\/de\/deutsch-accessoris-wohnmobile\/","og_locale":"de_DE","og_type":"article","og_title":"Zubeh\u00f6r f\u00fcr Reisemobile und Caravans","og_description":"In unserem Verkaufsladen an der Landstra\u00dfeC-31 bei Km 148 in der N\u00e4he von Cubelles (Barcelona) finden Sie eine gro\u00dfe Auswahl von Produkten rund um das Wohnmobil.","og_url":"https:\/\/www.rocfor.es\/de\/deutsch-accessoris-wohnmobile\/","og_site_name":"Rocfor | LLoguer d &#039;autocaravanes","article_publisher":"https:\/\/www.facebook.com\/pages\/Rocfor\/790292114394574","article_modified_time":"2016-11-21T16:02:39+00:00","og_image":[{"url":"http:\/\/www.rocfor.es\/wp-content\/uploads\/Venta_accesorios03.jpg","type":"","width":"","height":""}],"schema":{"@context":"https:\/\/schema.org","@graph":[{"@type":"WebPage","@id":"https:\/\/www.rocfor.es\/de\/deutsch-accessoris-wohnmobile\/","url":"https:\/\/www.rocfor.es\/de\/deutsch-accessoris-wohnmobile\/","name":"Zubeh\u00f6r f\u00fcr Reisemobile und Caravans","isPartOf":{"@id":"https:\/\/www.rocfor.es\/#website"},"primaryImageOfPage":{"@id":"https:\/\/www.rocfor.es\/de\/deutsch-accessoris-wohnmobile\/#primaryimage"},"image":{"@id":"https:\/\/www.rocfor.es\/de\/deutsch-accessoris-wohnmobile\/#primaryimage"},"thumbnailUrl":"http:\/\/www.rocfor.es\/wp-content\/uploads\/Venta_accesorios03.jpg","datePublished":"2015-11-18T14:17:56+00:00","dateModified":"2016-11-21T16:02:39+00:00","breadcrumb":{"@id":"https:\/\/www.rocfor.es\/de\/deutsch-accessoris-wohnmobile\/#breadcrumb"},"inLanguage":"de","potentialAction":[{"@type":"ReadAction","target":["https:\/\/www.rocfor.es\/de\/deutsch-accessoris-wohnmobile\/"]}]},{"@type":"ImageObject","inLanguage":"de","@id":"https:\/\/www.rocfor.es\/de\/deutsch-accessoris-wohnmobile\/#primaryimage","url":"http:\/\/www.rocfor.es\/wp-content\/uploads\/Venta_accesorios03.jpg","contentUrl":"http:\/\/www.rocfor.es\/wp-content\/uploads\/Venta_accesorios03.jpg"},{"@type":"BreadcrumbList","@id":"https:\/\/www.rocfor.es\/de\/deutsch-accessoris-wohnmobile\/#breadcrumb","itemListElement":[{"@type":"ListItem","position":1,"name":"Home","item":"https:\/\/www.rocfor.es\/de\/"},{"@type":"ListItem","position":2,"name":"Accessoris Wohnmobile"}]},{"@type":"WebSite","@id":"https:\/\/www.rocfor.es\/#website","url":"https:\/\/www.rocfor.es\/","name":"Rocfor | LLoguer d &#039;autocaravanes","description":"LLoguer d&#039;autocaravanaes","potentialAction":[{"@type":"SearchAction","target":{"@type":"EntryPoint","urlTemplate":"https:\/\/www.rocfor.es\/?s={search_term_string}"},"query-input":{"@type":"PropertyValueSpecification","valueRequired":true,"valueName":"search_term_string"}}],"inLanguage":"de"}]}},"_links":{"self":[{"href":"https:\/\/www.rocfor.es\/de\/wp-json\/wp\/v2\/pages\/1003","targetHints":{"allow":["GET"]}}],"collection":[{"href":"https:\/\/www.rocfor.es\/de\/wp-json\/wp\/v2\/pages"}],"about":[{"href":"https:\/\/www.rocfor.es\/de\/wp-json\/wp\/v2\/types\/page"}],"author":[{"embeddable":true,"href":"https:\/\/www.rocfor.es\/de\/wp-json\/wp\/v2\/users\/5"}],"replies":[{"embeddable":true,"href":"https:\/\/www.rocfor.es\/de\/wp-json\/wp\/v2\/comments?post=1003"}],"version-history":[{"count":0,"href":"https:\/\/www.rocfor.es\/de\/wp-json\/wp\/v2\/pages\/1003\/revisions"}],"wp:attachment":[{"href":"https:\/\/www.rocfor.es\/de\/wp-json\/wp\/v2\/media?parent=1003"}],"curies":[{"name":"wp","href":"https:\/\/api.w.org\/{rel}","templated":true}]}}